{"id":17950,"date":"2024-11-27T12:59:26","date_gmt":"2024-11-27T11:59:26","guid":{"rendered":"https:\/\/vegalift.it\/news-2\/"},"modified":"2025-07-01T15:11:54","modified_gmt":"2025-07-01T14:11:54","slug":"news","status":"publish","type":"page","link":"https:\/\/vegalift.it\/pt-pt\/news\/","title":{"rendered":"News"},"content":{"rendered":"\t\t<div data-elementor-type=\"wp-page\" data-elementor-id=\"17950\" class=\"elementor elementor-17950 elementor-2133\" data-elementor-post-type=\"page\">\n\t\t\t\t\t\t<section class=\"elementor-section elementor-top-section elementor-element elementor-element-a910b76 elementor-section-full_width animated-slow elementor-section-height-default elementor-section-height-default qodef-elementor-content-no elementor-invisible\" data-id=\"a910b76\" data-element_type=\"section\" data-e-type=\"section\" data-settings=\"{&quot;animation&quot;:&quot;fadeIn&quot;}\">\n\t\t\t\t\t\t<div class=\"elementor-container elementor-column-gap-default\">\n\t\t\t\t\t<div class=\"elementor-column elementor-col-100 elementor-top-column elementor-element elementor-element-2ed1a2a\" data-id=\"2ed1a2a\" data-element_type=\"column\" data-e-type=\"column\">\n\t\t\t<div class=\"elementor-widget-wrap elementor-element-populated\">\n\t\t\t\t\t\t<div class=\"elementor-element elementor-element-4c986c6 elementor-widget elementor-widget-qi_addons_for_elementor_blog_list\" data-id=\"4c986c6\" data-element_type=\"widget\" data-e-type=\"widget\" data-widget_type=\"qi_addons_for_elementor_blog_list.default\">\n\t\t\t\t<div class=\"elementor-widget-container\">\n\t\t\t\t\t<div class=\"qodef-shortcode qodef-m qodef-addons-blog-list qodef--list qodef-alignment--centered qodef-info-no-icons qodef-image--hover-zoom qodef-qi-grid qodef-layout--qi-masonry qodef-col-num--5 qodef-item-layout--standard qodef-responsive--custom qodef-col-num--1680--5 qodef-col-num--1440--4 qodef-col-num--1366--3 qodef-col-num--1024--3 qodef-col-num--768--2 qodef-col-num--680--2 qodef-col-num--480--1\" >\n\t<div class=\"qodef-grid-inner\">\n\t\t\t<div class=\"qodef-qi-grid-masonry-sizer\"><\/div>\n<article class=\"qodef-e qodef-blog-item qodef-grid-item post-23509 post type-post status-publish format-standard has-post-thumbnail hentry category-produtos\">\n\t<div class=\"qodef-e-inner\">\n\t\t<div class=\"qodef-e-media\">\n\t\t<div class=\"qodef-e-media-image\">\n\t\t<a itemprop=\"url\" href=\"https:\/\/vegalift.it\/pt-pt\/news-pt\/produtos\/smart-door-drives\/\">\n\t\t\t<img fetchpriority=\"high\" decoding=\"async\" width=\"450\" height=\"630\" src=\"https:\/\/vegalift.it\/wp-content\/uploads\/2026\/03\/vega-doors-drive-preview.jpeg\" class=\"attachment- size-\" alt=\"\" srcset=\"https:\/\/vegalift.it\/wp-content\/uploads\/2026\/03\/vega-doors-drive-preview.jpeg 450w, https:\/\/vegalift.it\/wp-content\/uploads\/2026\/03\/vega-doors-drive-preview-214x300.jpeg 214w\" sizes=\"(max-width: 450px) 100vw, 450px\" \/>\t\t<\/a>\n\t\t\t<\/div>\n<\/div>\n\t\t<div class=\"qodef-e-content\">\n\t\t\t\t\t\t\t<div class=\"qodef-e-info qodef-info--top\">\n\t\t\t\t\t<div class=\"qodef-e-info-item qodef-e-info-category\">\n\t\t<a href=\"https:\/\/vegalift.it\/pt-pt\/category\/news-pt\/produtos\/\" rel=\"category tag\">Produtos<\/a><\/div>\n\t\t\t\t<\/div>\n\t\t\t\t\t\t<div class=\"qodef-e-text\">\n\t\t\t\t<h5 itemprop=\"name\" class=\"qodef-e-title entry-title\">\n\t<a itemprop=\"url\" class=\"qodef-e-title-link\" href=\"https:\/\/vegalift.it\/pt-pt\/news-pt\/produtos\/smart-door-drives\/\">\n\t\tEvoluc\u0327a\u0303o dos operadores de portas de elevador: de meca\u0302nicos a acionamentos de portas inteligentes\t<\/a>\n<\/h5>\n\t\t\t<\/div>\n\t\t\t\t\t<\/div>\n\t<\/div>\n<\/article>\n<article class=\"qodef-e qodef-blog-item qodef-grid-item post-17880 post type-post status-publish format-standard has-post-thumbnail hentry category-eventos-pt\">\n\t<div class=\"qodef-e-inner\">\n\t\t<div class=\"qodef-e-media\">\n\t\t<div class=\"qodef-e-media-image\">\n\t\t<a itemprop=\"url\" href=\"https:\/\/vegalift.it\/pt-pt\/news-pt\/eventos-pt\/novidades-vega-na-interlift-2025\/\">\n\t\t\t<img decoding=\"async\" width=\"450\" height=\"630\" src=\"https:\/\/vegalift.it\/wp-content\/uploads\/2025\/05\/vega-blog-interlift-2025-prev.jpg\" class=\"attachment- size-\" alt=\"\" srcset=\"https:\/\/vegalift.it\/wp-content\/uploads\/2025\/05\/vega-blog-interlift-2025-prev.jpg 450w, https:\/\/vegalift.it\/wp-content\/uploads\/2025\/05\/vega-blog-interlift-2025-prev-214x300.jpg 214w\" sizes=\"(max-width: 450px) 100vw, 450px\" \/>\t\t<\/a>\n\t\t\t<\/div>\n<\/div>\n\t\t<div class=\"qodef-e-content\">\n\t\t\t\t\t\t\t<div class=\"qodef-e-info qodef-info--top\">\n\t\t\t\t\t<div class=\"qodef-e-info-item qodef-e-info-category\">\n\t\t<a href=\"https:\/\/vegalift.it\/pt-pt\/category\/news-pt\/eventos-pt\/\" rel=\"category tag\">Eventos<\/a><\/div>\n\t\t\t\t<\/div>\n\t\t\t\t\t\t<div class=\"qodef-e-text\">\n\t\t\t\t<h5 itemprop=\"name\" class=\"qodef-e-title entry-title\">\n\t<a itemprop=\"url\" class=\"qodef-e-title-link\" href=\"https:\/\/vegalift.it\/pt-pt\/news-pt\/eventos-pt\/novidades-vega-na-interlift-2025\/\">\n\t\tNovidades Vega na Interlift 2025. Pronto para voar at\u00e9 Nuremberga?\t<\/a>\n<\/h5>\n\t\t\t<\/div>\n\t\t\t\t\t<\/div>\n\t<\/div>\n<\/article>\n<article class=\"qodef-e qodef-blog-item qodef-grid-item post-17883 post type-post status-publish format-standard has-post-thumbnail hentry category-meio-ambiente\">\n\t<div class=\"qodef-e-inner\">\n\t\t<div class=\"qodef-e-media\">\n\t\t<div class=\"qodef-e-media-image\">\n\t\t<a itemprop=\"url\" href=\"https:\/\/vegalift.it\/pt-pt\/news-pt\/meio-ambiente\/stop-ao-papel\/\">\n\t\t\t<img decoding=\"async\" width=\"450\" height=\"630\" src=\"https:\/\/vegalift.it\/wp-content\/uploads\/2024\/11\/vega-blog-green.jpg\" class=\"attachment- size-\" alt=\"\" srcset=\"https:\/\/vegalift.it\/wp-content\/uploads\/2024\/11\/vega-blog-green.jpg 450w, https:\/\/vegalift.it\/wp-content\/uploads\/2024\/11\/vega-blog-green-214x300.jpg 214w\" sizes=\"(max-width: 450px) 100vw, 450px\" \/>\t\t<\/a>\n\t\t\t<\/div>\n<\/div>\n\t\t<div class=\"qodef-e-content\">\n\t\t\t\t\t\t\t<div class=\"qodef-e-info qodef-info--top\">\n\t\t\t\t\t<div class=\"qodef-e-info-item qodef-e-info-category\">\n\t\t<a href=\"https:\/\/vegalift.it\/pt-pt\/category\/news-pt\/meio-ambiente\/\" rel=\"category tag\">Meio ambiente<\/a><\/div>\n\t\t\t\t<\/div>\n\t\t\t\t\t\t<div class=\"qodef-e-text\">\n\t\t\t\t<h5 itemprop=\"name\" class=\"qodef-e-title entry-title\">\n\t<a itemprop=\"url\" class=\"qodef-e-title-link\" href=\"https:\/\/vegalift.it\/pt-pt\/news-pt\/meio-ambiente\/stop-ao-papel\/\">\n\t\tStop ao papel: a partir de hoje, os manuais Vega podem ser consultados desta forma.\t<\/a>\n<\/h5>\n\t\t\t<\/div>\n\t\t\t\t\t<\/div>\n\t<\/div>\n<\/article>\n<article class=\"qodef-e qodef-blog-item qodef-grid-item post-17885 post type-post status-publish format-standard has-post-thumbnail hentry category-eventos-pt\">\n\t<div class=\"qodef-e-inner\">\n\t\t<div class=\"qodef-e-media\">\n\t\t<div class=\"qodef-e-media-image\">\n\t\t<a itemprop=\"url\" href=\"https:\/\/vegalift.it\/pt-pt\/news-pt\/eventos-pt\/a-nova-linha-slim\/\">\n\t\t\t<img loading=\"lazy\" decoding=\"async\" width=\"450\" height=\"630\" src=\"https:\/\/vegalift.it\/wp-content\/uploads\/2024\/11\/vega-blogp-2.jpg\" class=\"attachment- size-\" alt=\"\" srcset=\"https:\/\/vegalift.it\/wp-content\/uploads\/2024\/11\/vega-blogp-2.jpg 450w, https:\/\/vegalift.it\/wp-content\/uploads\/2024\/11\/vega-blogp-2-214x300.jpg 214w\" sizes=\"(max-width: 450px) 100vw, 450px\" \/>\t\t<\/a>\n\t\t\t<\/div>\n<\/div>\n\t\t<div class=\"qodef-e-content\">\n\t\t\t\t\t\t\t<div class=\"qodef-e-info qodef-info--top\">\n\t\t\t\t\t<div class=\"qodef-e-info-item qodef-e-info-category\">\n\t\t<a href=\"https:\/\/vegalift.it\/pt-pt\/category\/news-pt\/eventos-pt\/\" rel=\"category tag\">Eventos<\/a><\/div>\n\t\t\t\t<\/div>\n\t\t\t\t\t\t<div class=\"qodef-e-text\">\n\t\t\t\t<h5 itemprop=\"name\" class=\"qodef-e-title entry-title\">\n\t<a itemprop=\"url\" class=\"qodef-e-title-link\" href=\"https:\/\/vegalift.it\/pt-pt\/news-pt\/eventos-pt\/a-nova-linha-slim\/\">\n\t\tEm antevis\u00e3o absoluta na Lift Expo Milano, a nova linha Slim.\t<\/a>\n<\/h5>\n\t\t\t<\/div>\n\t\t\t\t\t<\/div>\n\t<\/div>\n<\/article>\n<article class=\"qodef-e qodef-blog-item qodef-grid-item post-17887 post type-post status-publish format-standard has-post-thumbnail hentry category-empresa-pt\">\n\t<div class=\"qodef-e-inner\">\n\t\t<div class=\"qodef-e-media\">\n\t\t<div class=\"qodef-e-media-image\">\n\t\t<a itemprop=\"url\" href=\"https:\/\/vegalift.it\/pt-pt\/news-pt\/empresa-pt\/nova-sede-central-da-vega\/\">\n\t\t\t<img loading=\"lazy\" decoding=\"async\" width=\"450\" height=\"630\" src=\"https:\/\/vegalift.it\/wp-content\/uploads\/2024\/11\/vega-news-nuova-sede.jpg\" class=\"attachment- size-\" alt=\"\" srcset=\"https:\/\/vegalift.it\/wp-content\/uploads\/2024\/11\/vega-news-nuova-sede.jpg 450w, https:\/\/vegalift.it\/wp-content\/uploads\/2024\/11\/vega-news-nuova-sede-214x300.jpg 214w\" sizes=\"(max-width: 450px) 100vw, 450px\" \/>\t\t<\/a>\n\t\t\t<\/div>\n<\/div>\n\t\t<div class=\"qodef-e-content\">\n\t\t\t\t\t\t\t<div class=\"qodef-e-info qodef-info--top\">\n\t\t\t\t\t<div class=\"qodef-e-info-item qodef-e-info-category\">\n\t\t<a href=\"https:\/\/vegalift.it\/pt-pt\/category\/news-pt\/empresa-pt\/\" rel=\"category tag\">Empresa<\/a><\/div>\n\t\t\t\t<\/div>\n\t\t\t\t\t\t<div class=\"qodef-e-text\">\n\t\t\t\t<h5 itemprop=\"name\" class=\"qodef-e-title entry-title\">\n\t<a itemprop=\"url\" class=\"qodef-e-title-link\" href=\"https:\/\/vegalift.it\/pt-pt\/news-pt\/empresa-pt\/nova-sede-central-da-vega\/\">\n\t\tTrabalhos em curso para a nova sede central da Vega.\t<\/a>\n<\/h5>\n\t\t\t<\/div>\n\t\t\t\t\t<\/div>\n\t<\/div>\n<\/article>\n\t<\/div>\n\t<\/div>\n\t\t\t\t<\/div>\n\t\t\t\t<\/div>\n\t\t\t\t\t<\/div>\n\t\t<\/div>\n\t\t\t\t\t<\/div>\n\t\t<\/section>\n\t\t\t\t<section class=\"elementor-section elementor-top-section elementor-element elementor-element-564429f1 elementor-section-full_width elementor-section-height-default elementor-section-height-default qodef-elementor-content-no elementor-invisible\" data-id=\"564429f1\" data-element_type=\"section\" data-e-type=\"section\" data-settings=\"{&quot;background_background&quot;:&quot;classic&quot;,&quot;animation&quot;:&quot;fadeIn&quot;}\">\n\t\t\t\t\t\t<div class=\"elementor-container elementor-column-gap-default\">\n\t\t\t\t\t<div class=\"elementor-column elementor-col-100 elementor-top-column elementor-element elementor-element-31b8c2d7\" data-id=\"31b8c2d7\" data-element_type=\"column\" data-e-type=\"column\">\n\t\t\t<div class=\"elementor-widget-wrap elementor-element-populated\">\n\t\t\t\t\t\t<div class=\"elementor-element elementor-element-1888a5c7 elementor-widget elementor-widget-global elementor-global-17955 elementor-global-14767 elementor-widget-heading\" data-id=\"1888a5c7\" data-element_type=\"widget\" data-e-type=\"widget\" data-widget_type=\"heading.default\">\n\t\t\t\t<div class=\"elementor-widget-container\">\n\t\t\t\t\t<h2 class=\"elementor-heading-title elementor-size-default\">Tem um pedido? <span class=\"blue\">Entre em contacto connosco.<\/span><\/h2>\t\t\t\t<\/div>\n\t\t\t\t<\/div>\n\t\t\t\t<div class=\"elementor-element elementor-element-253f78af elementor-widget elementor-widget-global elementor-global-17957 elementor-global-14774 elementor-widget-text-editor\" data-id=\"253f78af\" data-element_type=\"widget\" data-e-type=\"widget\" data-widget_type=\"text-editor.default\">\n\t\t\t\t<div class=\"elementor-widget-container\">\n\t\t\t\t\t\t\t\t\t<p>Perto de si a todos os n\u00edveis, com v\u00e1rias filiais em todo o mundo, distribuidores e gestores de \u00e1rea multil\u00edngues, prontos a responder \u00e0s suas necessidades.<\/p>\t\t\t\t\t\t\t\t<\/div>\n\t\t\t\t<\/div>\n\t\t\t\t<div class=\"elementor-element elementor-element-f84519d elementor-align-center elementor-widget elementor-widget-button\" data-id=\"f84519d\" data-element_type=\"widget\" data-e-type=\"widget\" data-widget_type=\"button.default\">\n\t\t\t\t<div class=\"elementor-widget-container\">\n\t\t\t\t\t\t\t\t\t<div class=\"elementor-button-wrapper\">\n\t\t\t\t\t<a class=\"elementor-button elementor-button-link elementor-size-sm\" href=\"https:\/\/vegalift.it\/pt-pt\/sedes-operacionais\/\">\n\t\t\t\t\t\t<span class=\"elementor-button-content-wrapper\">\n\t\t\t\t\t\t\t\t\t<span class=\"elementor-button-text\">Contacte-nos j\u00e1<\/span>\n\t\t\t\t\t<\/span>\n\t\t\t\t\t<\/a>\n\t\t\t\t<\/div>\n\t\t\t\t\t\t\t\t<\/div>\n\t\t\t\t<\/div>\n\t\t\t\t\t<\/div>\n\t\t<\/div>\n\t\t\t\t\t<\/div>\n\t\t<\/section>\n\t\t\t\t<\/div>\n\t\t","protected":false},"excerpt":{"rendered":"<p>Eventos Novidades Vega na Interlift 2025. Pronto para voar at\u00e9 Nuremberga? Meio ambiente Stop ao papel: a partir de hoje, os manuais Vega podem ser consultados desta forma. Eventos Em antevis\u00e3o absoluta na Lift Expo Milano, a nova linha Slim. Empresa Trabalhos em curso para a nova sede central da Vega. Do you have a [&hellip;]<\/p>\n","protected":false},"author":1,"featured_media":0,"parent":0,"menu_order":0,"comment_status":"closed","ping_status":"closed","template":"page-full-width.php","meta":{"_acf_changed":false,"footnotes":""},"class_list":["post-17950","page","type-page","status-publish","hentry"],"acf":[],"yoast_head":"<!-- This site is optimized with the Yoast SEO plugin v27.3 - https:\/\/yoast.com\/product\/yoast-seo-wordpress\/ -->\n<title>Not\u00edcias e eventos | Vega<\/title>\n<meta name=\"robots\" content=\"index, follow, max-snippet:-1, max-image-preview:large, max-video-preview:-1\" \/>\n<link rel=\"canonical\" href=\"https:\/\/vegalift.it\/pt-pt\/news\/\" \/>\n<meta property=\"og:locale\" content=\"pt_PT\" \/>\n<meta property=\"og:type\" content=\"article\" \/>\n<meta property=\"og:title\" content=\"Not\u00edcias e eventos | Vega\" \/>\n<meta property=\"og:description\" content=\"Eventos Novidades Vega na Interlift 2025. Pronto para voar at\u00e9 Nuremberga? Meio ambiente Stop ao papel: a partir de hoje, os manuais Vega podem ser consultados desta forma. Eventos Em antevis\u00e3o absoluta na Lift Expo Milano, a nova linha Slim. Empresa Trabalhos em curso para a nova sede central da Vega. Do you have a [&hellip;]\" \/>\n<meta property=\"og:url\" content=\"https:\/\/vegalift.it\/pt-pt\/news\/\" \/>\n<meta property=\"og:site_name\" content=\"Vega\" \/>\n<meta property=\"article:modified_time\" content=\"2025-07-01T14:11:54+00:00\" \/>\n<meta property=\"og:image\" content=\"https:\/\/vegalift.it\/wp-content\/uploads\/2025\/05\/vega-blog-interlift-2025-prev.jpg\" \/>\n<meta name=\"twitter:card\" content=\"summary_large_image\" \/>\n<meta name=\"twitter:label1\" content=\"Tempo estimado de leitura\" \/>\n\t<meta name=\"twitter:data1\" content=\"2 minutos\" \/>\n<script type=\"application\/ld+json\" class=\"yoast-schema-graph\">{\"@context\":\"https:\\\/\\\/schema.org\",\"@graph\":[{\"@type\":\"WebPage\",\"@id\":\"https:\\\/\\\/vegalift.it\\\/pt-pt\\\/news\\\/\",\"url\":\"https:\\\/\\\/vegalift.it\\\/pt-pt\\\/news\\\/\",\"name\":\"Not\u00edcias e eventos | Vega\",\"isPartOf\":{\"@id\":\"https:\\\/\\\/vegalift.it\\\/pt-pt\\\/#website\"},\"primaryImageOfPage\":{\"@id\":\"https:\\\/\\\/vegalift.it\\\/pt-pt\\\/news\\\/#primaryimage\"},\"image\":{\"@id\":\"https:\\\/\\\/vegalift.it\\\/pt-pt\\\/news\\\/#primaryimage\"},\"thumbnailUrl\":\"https:\\\/\\\/vegalift.it\\\/wp-content\\\/uploads\\\/2025\\\/05\\\/vega-blog-interlift-2025-prev.jpg\",\"datePublished\":\"2024-11-27T11:59:26+00:00\",\"dateModified\":\"2025-07-01T14:11:54+00:00\",\"breadcrumb\":{\"@id\":\"https:\\\/\\\/vegalift.it\\\/pt-pt\\\/news\\\/#breadcrumb\"},\"inLanguage\":\"pt-PT\",\"potentialAction\":[{\"@type\":\"ReadAction\",\"target\":[\"https:\\\/\\\/vegalift.it\\\/pt-pt\\\/news\\\/\"]}]},{\"@type\":\"ImageObject\",\"inLanguage\":\"pt-PT\",\"@id\":\"https:\\\/\\\/vegalift.it\\\/pt-pt\\\/news\\\/#primaryimage\",\"url\":\"https:\\\/\\\/vegalift.it\\\/wp-content\\\/uploads\\\/2025\\\/05\\\/vega-blog-interlift-2025-prev.jpg\",\"contentUrl\":\"https:\\\/\\\/vegalift.it\\\/wp-content\\\/uploads\\\/2025\\\/05\\\/vega-blog-interlift-2025-prev.jpg\"},{\"@type\":\"BreadcrumbList\",\"@id\":\"https:\\\/\\\/vegalift.it\\\/pt-pt\\\/news\\\/#breadcrumb\",\"itemListElement\":[{\"@type\":\"ListItem\",\"position\":1,\"name\":\"Home\",\"item\":\"https:\\\/\\\/vegalift.it\\\/pt-pt\\\/\"},{\"@type\":\"ListItem\",\"position\":2,\"name\":\"News\"}]},{\"@type\":\"WebSite\",\"@id\":\"https:\\\/\\\/vegalift.it\\\/pt-pt\\\/#website\",\"url\":\"https:\\\/\\\/vegalift.it\\\/pt-pt\\\/\",\"name\":\"Vega\",\"description\":\"\",\"potentialAction\":[{\"@type\":\"SearchAction\",\"target\":{\"@type\":\"EntryPoint\",\"urlTemplate\":\"https:\\\/\\\/vegalift.it\\\/pt-pt\\\/?s={search_term_string}\"},\"query-input\":{\"@type\":\"PropertyValueSpecification\",\"valueRequired\":true,\"valueName\":\"search_term_string\"}}],\"inLanguage\":\"pt-PT\"}]}<\/script>\n<!-- \/ Yoast SEO plugin. -->","yoast_head_json":{"title":"Not\u00edcias e eventos | Vega","robots":{"index":"index","follow":"follow","max-snippet":"max-snippet:-1","max-image-preview":"max-image-preview:large","max-video-preview":"max-video-preview:-1"},"canonical":"https:\/\/vegalift.it\/pt-pt\/news\/","og_locale":"pt_PT","og_type":"article","og_title":"Not\u00edcias e eventos | Vega","og_description":"Eventos Novidades Vega na Interlift 2025. Pronto para voar at\u00e9 Nuremberga? Meio ambiente Stop ao papel: a partir de hoje, os manuais Vega podem ser consultados desta forma. Eventos Em antevis\u00e3o absoluta na Lift Expo Milano, a nova linha Slim. Empresa Trabalhos em curso para a nova sede central da Vega. Do you have a [&hellip;]","og_url":"https:\/\/vegalift.it\/pt-pt\/news\/","og_site_name":"Vega","article_modified_time":"2025-07-01T14:11:54+00:00","og_image":[{"url":"https:\/\/vegalift.it\/wp-content\/uploads\/2025\/05\/vega-blog-interlift-2025-prev.jpg","type":"","width":"","height":""}],"twitter_card":"summary_large_image","twitter_misc":{"Tempo estimado de leitura":"2 minutos"},"schema":{"@context":"https:\/\/schema.org","@graph":[{"@type":"WebPage","@id":"https:\/\/vegalift.it\/pt-pt\/news\/","url":"https:\/\/vegalift.it\/pt-pt\/news\/","name":"Not\u00edcias e eventos | Vega","isPartOf":{"@id":"https:\/\/vegalift.it\/pt-pt\/#website"},"primaryImageOfPage":{"@id":"https:\/\/vegalift.it\/pt-pt\/news\/#primaryimage"},"image":{"@id":"https:\/\/vegalift.it\/pt-pt\/news\/#primaryimage"},"thumbnailUrl":"https:\/\/vegalift.it\/wp-content\/uploads\/2025\/05\/vega-blog-interlift-2025-prev.jpg","datePublished":"2024-11-27T11:59:26+00:00","dateModified":"2025-07-01T14:11:54+00:00","breadcrumb":{"@id":"https:\/\/vegalift.it\/pt-pt\/news\/#breadcrumb"},"inLanguage":"pt-PT","potentialAction":[{"@type":"ReadAction","target":["https:\/\/vegalift.it\/pt-pt\/news\/"]}]},{"@type":"ImageObject","inLanguage":"pt-PT","@id":"https:\/\/vegalift.it\/pt-pt\/news\/#primaryimage","url":"https:\/\/vegalift.it\/wp-content\/uploads\/2025\/05\/vega-blog-interlift-2025-prev.jpg","contentUrl":"https:\/\/vegalift.it\/wp-content\/uploads\/2025\/05\/vega-blog-interlift-2025-prev.jpg"},{"@type":"BreadcrumbList","@id":"https:\/\/vegalift.it\/pt-pt\/news\/#breadcrumb","itemListElement":[{"@type":"ListItem","position":1,"name":"Home","item":"https:\/\/vegalift.it\/pt-pt\/"},{"@type":"ListItem","position":2,"name":"News"}]},{"@type":"WebSite","@id":"https:\/\/vegalift.it\/pt-pt\/#website","url":"https:\/\/vegalift.it\/pt-pt\/","name":"Vega","description":"","potentialAction":[{"@type":"SearchAction","target":{"@type":"EntryPoint","urlTemplate":"https:\/\/vegalift.it\/pt-pt\/?s={search_term_string}"},"query-input":{"@type":"PropertyValueSpecification","valueRequired":true,"valueName":"search_term_string"}}],"inLanguage":"pt-PT"}]}},"_links":{"self":[{"href":"https:\/\/vegalift.it\/pt-pt\/wp-json\/wp\/v2\/pages\/17950","targetHints":{"allow":["GET"]}}],"collection":[{"href":"https:\/\/vegalift.it\/pt-pt\/wp-json\/wp\/v2\/pages"}],"about":[{"href":"https:\/\/vegalift.it\/pt-pt\/wp-json\/wp\/v2\/types\/page"}],"author":[{"embeddable":true,"href":"https:\/\/vegalift.it\/pt-pt\/wp-json\/wp\/v2\/users\/1"}],"replies":[{"embeddable":true,"href":"https:\/\/vegalift.it\/pt-pt\/wp-json\/wp\/v2\/comments?post=17950"}],"version-history":[{"count":4,"href":"https:\/\/vegalift.it\/pt-pt\/wp-json\/wp\/v2\/pages\/17950\/revisions"}],"predecessor-version":[{"id":17954,"href":"https:\/\/vegalift.it\/pt-pt\/wp-json\/wp\/v2\/pages\/17950\/revisions\/17954"}],"wp:attachment":[{"href":"https:\/\/vegalift.it\/pt-pt\/wp-json\/wp\/v2\/media?parent=17950"}],"curies":[{"name":"wp","href":"https:\/\/api.w.org\/{rel}","templated":true}]}}